{"id":29662,"date":"2023-11-29T12:57:26","date_gmt":"2023-11-29T17:57:26","guid":{"rendered":"https:\/\/excellence-peterbilt.com\/?page_id=29662"},"modified":"2025-06-25T09:55:01","modified_gmt":"2025-06-25T13:55:01","slug":"saaq-agent-2","status":"publish","type":"page","link":"https:\/\/excellence-peterbilt.com\/en\/service\/saaq-agent-2\/","title":{"rendered":"SAAQ Agent"},"content":{"rendered":"<p>Discover Excellence Peterbilt&#8217;s mechanical inspection service, your trusted partner in ensuring the safety and reliability of your vehicle fleet. As official SAAQ agents at our branches in Sainte-Julie, Laval, Montreal and Trois-Rivi\u00e8res for the mechanical inspection of vehicles with a gross vehicle weight rating (GVWR) exceeding 4,500 kg, we offer complete, certified inspections that meet the most rigorous standards.<\/p>\n<p>Our highly qualified technicians are trained to detect any potential mechanical problems, ensuring that your fleet remains operational and compliant with current regulations. Whether for heavy trucks, semi-trailers or light commercial vehicles, we put our expertise at your service to give you total peace of mind.<\/p>\n<p>Trust Excellence Peterbilt for first-class mechanical inspections, backed by our commitment to excellence and safety on the road. Book an appointment today and make sure your fleet is running safely.<\/p>\n<p>We also have one mobile unit per branch that can travel to your location to inspect your trailers.<\/p>\n<p>Monday to Friday,\u00a0 7 a.m. to midnight (Sainte-Julie)<br \/>\nMonday to Friday, 7 a.m. to midnight (Laval)<br \/>\nMonday to Friday, 7 a.m. to midnight (Trois-Rivi\u00e8res)<br \/>\nMonday to Friday, 7 a.m. to midnight (Montreal)<\/p>\n<p><strong><br \/>\nTo book an appointment, call 514-861-PETE (7383)<\/strong>, followed by the extension:<strong><br \/>\n<\/strong>Sainte-Julie: #101900<br \/>\nLaval: #103900<br \/>\nTrois-Rivi\u00e8res: #106900<br \/>\nMontr\u00e9al: #105900<strong><br \/>\n<\/strong><\/p>\n<p>or\u00a0<a href=\"#sidebar\">online<\/a><\/p>\n<p>* Plan 1h30 from the time of your appointment before returning to the road if your vehicle is compliant and safe.<\/p>\n<p>Thank you and be careful<\/p>\n<p><img class=\"\" src=\"https:\/\/excellence-peterbilt.com\/wp-content\/uploads\/2023\/11\/Logo-SAAQ.jpg\" alt=\"\" \/><\/p>\n<p>We are members of ASMAVERMEQ, Association des Mandataires en V\u00e9rification M\u00e9canique du Qu\u00e9bec:\u00a0<a href=\"https:\/\/www.asmavermeq.ca\/\" target=\"_blank\" rel=\"noopener\">https:\/\/www.asmavermeq.ca\/<\/a><br \/>\n<img class=\"\" src=\"https:\/\/excellence-peterbilt.com\/wp-content\/uploads\/2023\/11\/logo-ASMAVERMEQ.png\" alt=\"\" \/><\/p>\n","protected":false},"excerpt":{"rendered":"<p>Discover Excellence Peterbilt&#8217;s mechanical inspection service, your trusted partner in ensuring the safety and reliability of your vehicle fleet. As official SAAQ agents at our branches in Sainte-Julie, Laval, Montreal and Trois-Rivi\u00e8res for the mechanical inspection of vehicles with a gross vehicle weight rating (GVWR) exceeding 4,500 kg, we offer complete, certified inspections that meet &hellip; <a href=\"https:\/\/excellence-peterbilt.com\/en\/service\/saaq-agent-2\/\">Continued<\/a><\/p>\n","protected":false},"author":1,"featured_media":0,"parent":920,"menu_order":0,"comment_status":"closed","ping_status":"closed","template":"template-service.php","meta":[],"acf":{"content_featured_type":"image","content_featured_image":{"ID":30958,"id":30958,"title":"Photo-service-Camions-Excellence-Peterbilt-SAAQ","filename":"Photo-service-Camions-Excellence-Peterbilt-SAAQ.jpg","filesize":68268,"url":"https:\/\/excellence-peterbilt.com\/wp-content\/uploads\/2024\/07\/Photo-service-Camions-Excellence-Peterbilt-SAAQ.jpg","link":"https:\/\/excellence-peterbilt.com\/en\/service\/saaq-agent-2\/photo-service-camions-excellence-peterbilt-saaq-2\/","alt":"","author":"10","description":"","caption":"","name":"photo-service-camions-excellence-peterbilt-saaq-2","status":"inherit","uploaded_to":29662,"date":"2024-07-30 19:55:28","modified":"2024-07-30 19:55:28","menu_order":0,"mime_type":"image\/jpeg","type":"image","subtype":"jpeg","icon":"https:\/\/excellence-peterbilt.com\/wp-includes\/images\/media\/default.png","width":750,"height":330,"sizes":{"thumbnail":"https:\/\/excellence-peterbilt.com\/wp-content\/uploads\/2024\/07\/Photo-service-Camions-Excellence-Peterbilt-SAAQ-150x150.jpg","thumbnail-width":150,"thumbnail-height":150,"medium":"https:\/\/excellence-peterbilt.com\/wp-content\/uploads\/2024\/07\/Photo-service-Camions-Excellence-Peterbilt-SAAQ-300x132.jpg","medium-width":300,"medium-height":132,"medium_large":"https:\/\/excellence-peterbilt.com\/wp-content\/uploads\/2024\/07\/Photo-service-Camions-Excellence-Peterbilt-SAAQ.jpg","medium_large-width":750,"medium_large-height":330,"large":"https:\/\/excellence-peterbilt.com\/wp-content\/uploads\/2024\/07\/Photo-service-Camions-Excellence-Peterbilt-SAAQ.jpg","large-width":750,"large-height":330,"1536x1536":"https:\/\/excellence-peterbilt.com\/wp-content\/uploads\/2024\/07\/Photo-service-Camions-Excellence-Peterbilt-SAAQ.jpg","1536x1536-width":750,"1536x1536-height":330,"2048x2048":"https:\/\/excellence-peterbilt.com\/wp-content\/uploads\/2024\/07\/Photo-service-Camions-Excellence-Peterbilt-SAAQ.jpg","2048x2048-width":750,"2048x2048-height":330,"article-details":"https:\/\/excellence-peterbilt.com\/wp-content\/uploads\/2024\/07\/Photo-service-Camions-Excellence-Peterbilt-SAAQ-745x328.jpg","article-details-width":745,"article-details-height":328,"article-listing":"https:\/\/excellence-peterbilt.com\/wp-content\/uploads\/2024\/07\/Photo-service-Camions-Excellence-Peterbilt-SAAQ-745x328.jpg","article-listing-width":745,"article-listing-height":328,"event-details":"https:\/\/excellence-peterbilt.com\/wp-content\/uploads\/2024\/07\/Photo-service-Camions-Excellence-Peterbilt-SAAQ-745x328.jpg","event-details-width":745,"event-details-height":328,"event-listing":"https:\/\/excellence-peterbilt.com\/wp-content\/uploads\/2024\/07\/Photo-service-Camions-Excellence-Peterbilt-SAAQ-745x328.jpg","event-listing-width":745,"event-listing-height":328,"feat-article":"https:\/\/excellence-peterbilt.com\/wp-content\/uploads\/2024\/07\/Photo-service-Camions-Excellence-Peterbilt-SAAQ-720x317.jpg","feat-article-width":720,"feat-article-height":317,"feat-cta":"https:\/\/excellence-peterbilt.com\/wp-content\/uploads\/2024\/07\/Photo-service-Camions-Excellence-Peterbilt-SAAQ-745x328.jpg","feat-cta-width":745,"feat-cta-height":328,"feat-content":"https:\/\/excellence-peterbilt.com\/wp-content\/uploads\/2024\/07\/Photo-service-Camions-Excellence-Peterbilt-SAAQ-745x328.jpg","feat-content-width":745,"feat-content-height":328,"feat-event":"https:\/\/excellence-peterbilt.com\/wp-content\/uploads\/2024\/07\/Photo-service-Camions-Excellence-Peterbilt-SAAQ-720x317.jpg","feat-event-width":720,"feat-event-height":317,"feat-makes":"https:\/\/excellence-peterbilt.com\/wp-content\/uploads\/2024\/07\/Photo-service-Camions-Excellence-Peterbilt-SAAQ-182x80.jpg","feat-makes-width":182,"feat-makes-height":80,"feat-related":"https:\/\/excellence-peterbilt.com\/wp-content\/uploads\/2024\/07\/Photo-service-Camions-Excellence-Peterbilt-SAAQ-720x317.jpg","feat-related-width":720,"feat-related-height":317,"filter-category":"https:\/\/excellence-peterbilt.com\/wp-content\/uploads\/2024\/07\/Photo-service-Camions-Excellence-Peterbilt-SAAQ-486x330.jpg","filter-category-width":486,"filter-category-height":330,"products-listing-new":"https:\/\/excellence-peterbilt.com\/wp-content\/uploads\/2024\/07\/Photo-service-Camions-Excellence-Peterbilt-SAAQ-460x202.jpg","products-listing-new-width":460,"products-listing-new-height":202,"products-gallery":"https:\/\/excellence-peterbilt.com\/wp-content\/uploads\/2024\/07\/Photo-service-Camions-Excellence-Peterbilt-SAAQ-745x328.jpg","products-gallery-width":745,"products-gallery-height":328,"promos-details":"https:\/\/excellence-peterbilt.com\/wp-content\/uploads\/2024\/07\/Photo-service-Camions-Excellence-Peterbilt-SAAQ-745x328.jpg","promos-details-width":745,"promos-details-height":328,"promos-listing":"https:\/\/excellence-peterbilt.com\/wp-content\/uploads\/2024\/07\/Photo-service-Camions-Excellence-Peterbilt-SAAQ-745x328.jpg","promos-listing-width":745,"promos-listing-height":328,"relative-product-article":"https:\/\/excellence-peterbilt.com\/wp-content\/uploads\/2024\/07\/Photo-service-Camions-Excellence-Peterbilt-SAAQ-745x328.jpg","relative-product-article-width":745,"relative-product-article-height":328,"relative-product-event":"https:\/\/excellence-peterbilt.com\/wp-content\/uploads\/2024\/07\/Photo-service-Camions-Excellence-Peterbilt-SAAQ-745x328.jpg","relative-product-event-width":745,"relative-product-event-height":328,"relative-product-new":"https:\/\/excellence-peterbilt.com\/wp-content\/uploads\/2024\/07\/Photo-service-Camions-Excellence-Peterbilt-SAAQ-690x304.jpg","relative-product-new-width":690,"relative-product-new-height":304,"relative-product-promo":"https:\/\/excellence-peterbilt.com\/wp-content\/uploads\/2024\/07\/Photo-service-Camions-Excellence-Peterbilt-SAAQ-745x328.jpg","relative-product-promo-width":745,"relative-product-promo-height":328,"slider-main":"https:\/\/excellence-peterbilt.com\/wp-content\/uploads\/2024\/07\/Photo-service-Camions-Excellence-Peterbilt-SAAQ.jpg","slider-main-width":750,"slider-main-height":330,"slider-main-mobile":"https:\/\/excellence-peterbilt.com\/wp-content\/uploads\/2024\/07\/Photo-service-Camions-Excellence-Peterbilt-SAAQ.jpg","slider-main-mobile-width":750,"slider-main-mobile-height":330,"slider-main-fullwidth":"https:\/\/excellence-peterbilt.com\/wp-content\/uploads\/2024\/07\/Photo-service-Camions-Excellence-Peterbilt-SAAQ.jpg","slider-main-fullwidth-width":750,"slider-main-fullwidth-height":330,"slider-main-fullwidth-narrow":"https:\/\/excellence-peterbilt.com\/wp-content\/uploads\/2024\/07\/Photo-service-Camions-Excellence-Peterbilt-SAAQ.jpg","slider-main-fullwidth-narrow-width":750,"slider-main-fullwidth-narrow-height":330,"map-footer":"https:\/\/excellence-peterbilt.com\/wp-content\/uploads\/2024\/07\/Photo-service-Camions-Excellence-Peterbilt-SAAQ.jpg","map-footer-width":750,"map-footer-height":330,"map-footer-mobile":"https:\/\/excellence-peterbilt.com\/wp-content\/uploads\/2024\/07\/Photo-service-Camions-Excellence-Peterbilt-SAAQ.jpg","map-footer-mobile-width":750,"map-footer-mobile-height":330,"map-footer-fullwidth":"https:\/\/excellence-peterbilt.com\/wp-content\/uploads\/2024\/07\/Photo-service-Camions-Excellence-Peterbilt-SAAQ.jpg","map-footer-fullwidth-width":750,"map-footer-fullwidth-height":330,"map-footer-fullwidth-narrow":"https:\/\/excellence-peterbilt.com\/wp-content\/uploads\/2024\/07\/Photo-service-Camions-Excellence-Peterbilt-SAAQ.jpg","map-footer-fullwidth-narrow-width":750,"map-footer-fullwidth-narrow-height":330,"team-listing":"https:\/\/excellence-peterbilt.com\/wp-content\/uploads\/2024\/07\/Photo-service-Camions-Excellence-Peterbilt-SAAQ-450x198.jpg","team-listing-width":450,"team-listing-height":198,"team-sidebar":"https:\/\/excellence-peterbilt.com\/wp-content\/uploads\/2024\/07\/Photo-service-Camions-Excellence-Peterbilt-SAAQ-720x317.jpg","team-sidebar-width":720,"team-sidebar-height":317,"history-timeline":"https:\/\/excellence-peterbilt.com\/wp-content\/uploads\/2024\/07\/Photo-service-Camions-Excellence-Peterbilt-SAAQ-380x167.jpg","history-timeline-width":380,"history-timeline-height":167,"automatic-popup":"https:\/\/excellence-peterbilt.com\/wp-content\/uploads\/2024\/07\/Photo-service-Camions-Excellence-Peterbilt-SAAQ.jpg","automatic-popup-width":750,"automatic-popup-height":330,"wc-feat-brands":"https:\/\/excellence-peterbilt.com\/wp-content\/uploads\/2024\/07\/Photo-service-Camions-Excellence-Peterbilt-SAAQ-170x75.jpg","wc-feat-brands-width":170,"wc-feat-brands-height":75,"wc-products-details-brands":"https:\/\/excellence-peterbilt.com\/wp-content\/uploads\/2024\/07\/Photo-service-Camions-Excellence-Peterbilt-SAAQ-170x75.jpg","wc-products-details-brands-width":170,"wc-products-details-brands-height":75}},"contact_form_custom_html_id":"","contact_form_custom_form_id":false},"_links":{"self":[{"href":"https:\/\/excellence-peterbilt.com\/en\/wp-json\/wp\/v2\/pages\/29662"}],"collection":[{"href":"https:\/\/excellence-peterbilt.com\/en\/wp-json\/wp\/v2\/pages"}],"about":[{"href":"https:\/\/excellence-peterbilt.com\/en\/wp-json\/wp\/v2\/types\/page"}],"author":[{"embeddable":true,"href":"https:\/\/excellence-peterbilt.com\/en\/wp-json\/wp\/v2\/users\/1"}],"replies":[{"embeddable":true,"href":"https:\/\/excellence-peterbilt.com\/en\/wp-json\/wp\/v2\/comments?post=29662"}],"version-history":[{"count":20,"href":"https:\/\/excellence-peterbilt.com\/en\/wp-json\/wp\/v2\/pages\/29662\/revisions"}],"predecessor-version":[{"id":32236,"href":"https:\/\/excellence-peterbilt.com\/en\/wp-json\/wp\/v2\/pages\/29662\/revisions\/32236"}],"up":[{"embeddable":true,"href":"https:\/\/excellence-peterbilt.com\/en\/wp-json\/wp\/v2\/pages\/920"}],"wp:attachment":[{"href":"https:\/\/excellence-peterbilt.com\/en\/wp-json\/wp\/v2\/media?parent=29662"}],"curies":[{"name":"wp","href":"https:\/\/api.w.org\/{rel}","templated":true}]}}